{"id":5,"date":"2013-07-02T16:37:21","date_gmt":"2013-07-02T16:37:21","guid":{"rendered":"http:\/\/didierfontaine.wordpress.com\/?page_id=1"},"modified":"2023-02-19T15:21:42","modified_gmt":"2023-02-19T14:21:42","slug":"a-propos","status":"publish","type":"page","link":"https:\/\/areopage.net\/blog\/a-propos\/","title":{"rendered":"\u00c0 propos"},"content":{"rendered":"<div id=\"attachment_170\" style=\"width: 150px\" class=\"wp-caption alignnone\"><a href=\"http:\/\/areopage.net\/blog\/a-propos\/\"><img data-recalc-dims=\"1\" loading=\"lazy\" decoding=\"async\" aria-describedby=\"caption-attachment-170\" class=\"size-full wp-image-170\" title=\"Didier Fontaine\" src=\"https:\/\/i0.wp.com\/areopage.net\/blog\/wp-content\/uploads\/2013\/07\/DidierFontaine1.jpg?resize=140%2C171\" alt=\"DidierFontaine\" width=\"140\" height=\"171\" \/><\/a><p id=\"caption-attachment-170\" class=\"wp-caption-text\"><a href=\"http:\/\/univ-st-etienne.academia.edu\/DidierFontaine\">Didier Fontaine<\/a><\/p><\/div>\n<p style=\"text-align: justify;\">N\u00e9 en 1980 \u00e0 Saint-\u00c9tienne. Je suis dipl\u00f4m\u00e9 de Lettres Classiques (Universit\u00e9 Jean Monnet, Saint-\u00c9tienne) et de Langues Bibliques (Institut Catholique de Toulouse). J&rsquo;ai publi\u00e9 en 2007, <a href=\"http:\/\/www.amazon.fr\/gp\/product\/2296035590\/ref=as_li_ss_tl?ie=UTF8&amp;camp=1642&amp;creative=19458&amp;creativeASIN=2296035590&amp;linkCode=as2&amp;tag=encyclopaed09-21\"><em>Le nom divin dans le Nouveau Testament<\/em><\/a>, en 2009 <a href=\"http:\/\/www.ibs.it\/code\/9788888907321\/fontaine-didier\/nome-dio-nel.html\"><em>Il nome di Dio nel Nuovo Testamento<\/em><\/a> (\u00e9dition revue et augment\u00e9e), en 2010 <a href=\"http:\/\/www.amazon.fr\/gp\/product\/2296124534\/ref=as_li_ss_tl?ie=UTF8&amp;camp=1642&amp;creative=19458&amp;creativeASIN=2296124534&amp;linkCode=as2&amp;tag=encyclopaed09-21\"><em>L&rsquo;\u00e9galit\u00e9 avec Dieu en Philippiens 2.6<\/em><\/a>, en 2012 <a href=\"http:\/\/areopage.net\/PDF\/P52%20%28P.%20Rylands.Gr.457%29_NominaSacra_Fontaine.pdf\"><em>Le P52 (P. Rylands. Gr.457) contenait-il un nomen sacrum pour J\u00e9sus ?<\/em><\/a> et en 2022 <a href=\"https:\/\/amzn.to\/35d0Tk1\"><em>\u00ab\u00a0Dieu\u00a0\u00bb ou \u00ab\u00a0comme Dieu\u00a0\u00bb ? Enqu\u00eate philologique sur \u03b1\u0314\u03c1\u03c0\u03b1\u03b3\u03bc\u03bf\u0301\u03c2 en Philippiens 2.6<\/em><\/a>\u00a0ainsi qu&rsquo;une contribution dans l&rsquo;ouvrage collectif <a href=\"https:\/\/amzn.to\/3IypctU\">Arduini et al., <em>Il Dio della Bibbia<\/em><\/a>. Je suis aussi l&rsquo;auteur de quelques <a href=\"http:\/\/www.areopage.net\/logiciels.html\">logiciels<\/a>, dont\u00a0<a href=\"http:\/\/www.bibleparser.fr\"><em>Bible Parser<\/em><\/a>.<\/p>\n<p><strong>Pour me trouver en ligne<\/strong> : <a href=\"https:\/\/univ-st-etienne.academia.edu\/DidierFontaine\">Academia<\/a> \u2022 <a href=\"https:\/\/orcid.org\/0000-0003-2817-0047\">ORCID<\/a> \u2022 <a href=\"https:\/\/www.facebook.com\/didier.fontaine.522\">Facebook<\/a> \u2022 <a href=\"https:\/\/www.amazon.fr\/Didier-Fontaine\/e\/B004MT4V4Q\">Amazon<\/a><\/p>\n<p style=\"text-align: justify;\"><strong>Conventions adopt\u00e9es sur ce blog<\/strong> : Ce blog est lieu de r\u00e9flexions, non de savoir. Si vous \u00eates amateur de certitudes, passez votre chemin. Sauf mention contraire, les traductions sont miennes. Pour les commentaires, je vous suis reconnaissant d&rsquo;adopter une <em>attitude chr\u00e9tienne<\/em> : courtoisie, respect mutuel, franchise, honn\u00eatet\u00e9. Autant que possible, soyez pr\u00e9cis et \u00e9tayez vos propos. Les commentaires sans contenu ou visant uniquement la pol\u00e9mique seront supprim\u00e9s sans discussion.<\/p>\n<p style=\"text-align: justify;\"><strong>Pour me contacter<\/strong> : areopage <em>at<\/em> gmail.com.<\/p>\n","protected":false},"excerpt":{"rendered":"<p>N\u00e9 en 1980 \u00e0 Saint-\u00c9tienne. Je suis dipl\u00f4m\u00e9 de Lettres Classiques (Universit\u00e9 Jean Monnet, Saint-\u00c9tienne) et de Langues Bibliques (Institut Catholique de Toulouse). J&rsquo;ai publi\u00e9 en 2007, Le nom divin dans le Nouveau Testament, en 2009 Il nome di Dio nel Nuovo Testamento (\u00e9dition revue et augment\u00e9e), en 2010 L&rsquo;\u00e9galit\u00e9 avec Dieu en Philippiens 2.6, [&hellip;]<\/p>\n","protected":false},"author":1,"featured_media":0,"parent":0,"menu_order":0,"comment_status":"open","ping_status":"open","template":"","meta":{"jetpack_post_was_ever_published":false,"footnotes":""},"class_list":["post-5","page","type-page","status-publish","hentry"],"jetpack_shortlink":"https:\/\/wp.me\/P3MfBZ-5","jetpack_sharing_enabled":true,"jetpack-related-posts":[{"id":260,"url":"https:\/\/areopage.net\/blog\/liens\/","url_meta":{"origin":5,"position":0},"title":"Liens","author":"areopage","date":"02\/08\/2013","format":false,"excerpt":"\u2192\u00a0Blogs \u2192 Bibliographie \u2192 Logiciels bibliques \u2192 Papyrologie, critique textuelle \u2192\u00a0Commentaires, synopses \u2192\u00a0Dictionnaires & Encyclop\u00e9dies Bibliques \u2192 Grec Biblique : corpus \u2022 grammaires \u2022 dictionnaires \u2022 outils \u2192 H\u00e9breu Biblique : corpus\u00a0\u2022 grammaires \u2022 dictionnaires \u2022 outils \u2192 Aram\u00e9en Biblique : corpus\u00a0\u2022 grammaires \u2022 dictionnaires \u2192 Syriaque : grammaires \u2022\u2026","rel":"","context":"Avec 19 commentaires","block_context":{"text":"Avec 19 commentaires","link":"https:\/\/areopage.net\/blog\/liens\/#comments"},"img":{"alt_text":"","src":"https:\/\/i0.wp.com\/areopage.net\/blog\/wp-content\/uploads\/2019\/09\/logos_icon.png?resize=350%2C200","width":350,"height":200},"classes":[]},{"id":1864,"url":"https:\/\/areopage.net\/blog\/bible\/","url_meta":{"origin":5,"position":1},"title":"Bible","author":"areopage","date":"11\/06\/2014","format":false,"excerpt":"\u2192 Ajouter un plug-in gratuit \u00e0 votre site, BP VerseTagger : d\u00e9tection automatique des r\u00e9f\u00e9rences bibliques dans une page, avec affichage du texte original et d'une version fran\u00e7aise (modules lemmatis\u00e9s). \u2192 D\u00e9couvrez Bible Parser Web App, un puissant logiciel biblique ex\u00e9g\u00e9tique en ligne. \ufeff","rel":"","context":"Avec 2 commentaires","block_context":{"text":"Avec 2 commentaires","link":"https:\/\/areopage.net\/blog\/bible\/#comments"},"img":{"alt_text":"","src":"","width":0,"height":0},"classes":[]}],"_links":{"self":[{"href":"https:\/\/areopage.net\/blog\/wp-json\/wp\/v2\/pages\/5","targetHints":{"allow":["GET"]}}],"collection":[{"href":"https:\/\/areopage.net\/blog\/wp-json\/wp\/v2\/pages"}],"about":[{"href":"https:\/\/areopage.net\/blog\/wp-json\/wp\/v2\/types\/page"}],"author":[{"embeddable":true,"href":"https:\/\/areopage.net\/blog\/wp-json\/wp\/v2\/users\/1"}],"replies":[{"embeddable":true,"href":"https:\/\/areopage.net\/blog\/wp-json\/wp\/v2\/comments?post=5"}],"version-history":[{"count":22,"href":"https:\/\/areopage.net\/blog\/wp-json\/wp\/v2\/pages\/5\/revisions"}],"predecessor-version":[{"id":9582,"href":"https:\/\/areopage.net\/blog\/wp-json\/wp\/v2\/pages\/5\/revisions\/9582"}],"wp:attachment":[{"href":"https:\/\/areopage.net\/blog\/wp-json\/wp\/v2\/media?parent=5"}],"curies":[{"name":"wp","href":"https:\/\/api.w.org\/{rel}","templated":true}]}}