{"id":1864,"date":"2014-06-11T13:14:24","date_gmt":"2014-06-11T12:14:24","guid":{"rendered":"http:\/\/areopage.net\/blog\/?page_id=1864"},"modified":"2020-04-21T18:03:00","modified_gmt":"2020-04-21T17:03:00","slug":"bible","status":"publish","type":"page","link":"https:\/\/areopage.net\/blog\/bible\/","title":{"rendered":"Bible"},"content":{"rendered":"<div>\n<p>\u2192 Ajouter un <strong>plug-in gratuit<\/strong> \u00e0 votre site, <a href=\"http:\/\/areopage.net\/blog\/2019\/02\/23\/bp-versetagger\/\"><strong>BP VerseTagger<\/strong><\/a> : d\u00e9tection automatique des r\u00e9f\u00e9rences bibliques dans une page, avec affichage du texte original et d&rsquo;une version fran\u00e7aise (modules lemmatis\u00e9s).<\/p>\n<p>\u2192 D\u00e9couvrez <a href=\"https:\/\/www.bibleparser.net\" target=\"_blank\" rel=\"noopener noreferrer\">Bible Parser Web App<\/a>, un <strong>puissant logiciel biblique ex\u00e9g\u00e9tique<\/strong> en ligne.<\/p>\n<div>\n<div>\n<p><iframe loading=\"lazy\" src=\"https:\/\/www.youtube.com\/embed\/MhJ2jw80uXA\" width=\"400\" height=\"250\" frameborder=\"0\" allowfullscreen=\"allowfullscreen\"><span data-mce-type=\"bookmark\" style=\"display: inline-block; width: 0px; overflow: hidden; line-height: 0;\" class=\"mce_SELRES_start\">\ufeff<\/span><\/iframe><\/p>\n<div><\/div>\n<\/div>\n<\/div>\n<\/div>\n","protected":false},"excerpt":{"rendered":"<p>\u2192 Ajouter un plug-in gratuit \u00e0 votre site, BP VerseTagger : d\u00e9tection automatique des r\u00e9f\u00e9rences bibliques dans une page, avec affichage du texte original et d&rsquo;une version fran\u00e7aise (modules lemmatis\u00e9s). \u2192 D\u00e9couvrez Bible Parser Web App, un puissant logiciel biblique ex\u00e9g\u00e9tique en ligne. \ufeff<\/p>\n","protected":false},"author":1,"featured_media":0,"parent":0,"menu_order":0,"comment_status":"open","ping_status":"open","template":"","meta":{"jetpack_post_was_ever_published":false,"footnotes":""},"class_list":["post-1864","page","type-page","status-publish","hentry"],"jetpack_shortlink":"https:\/\/wp.me\/P3MfBZ-u4","jetpack_sharing_enabled":true,"jetpack-related-posts":[{"id":260,"url":"https:\/\/areopage.net\/blog\/liens\/","url_meta":{"origin":1864,"position":0},"title":"Liens","author":"areopage","date":"02\/08\/2013","format":false,"excerpt":"\u2192\u00a0Blogs \u2192 Bibliographie \u2192 Logiciels bibliques \u2192 Papyrologie, critique textuelle \u2192\u00a0Commentaires, synopses \u2192\u00a0Dictionnaires & Encyclop\u00e9dies Bibliques \u2192 Grec Biblique : corpus \u2022 grammaires \u2022 dictionnaires \u2022 outils \u2192 H\u00e9breu Biblique : corpus\u00a0\u2022 grammaires \u2022 dictionnaires \u2022 outils \u2192 Aram\u00e9en Biblique : corpus\u00a0\u2022 grammaires \u2022 dictionnaires \u2192 Syriaque : grammaires \u2022\u2026","rel":"","context":"Avec 19 commentaires","block_context":{"text":"Avec 19 commentaires","link":"https:\/\/areopage.net\/blog\/liens\/#comments"},"img":{"alt_text":"","src":"https:\/\/i0.wp.com\/areopage.net\/blog\/wp-content\/uploads\/2019\/09\/logos_icon.png?resize=350%2C200","width":350,"height":200},"classes":[]},{"id":5,"url":"https:\/\/areopage.net\/blog\/a-propos\/","url_meta":{"origin":1864,"position":1},"title":"\u00c0 propos","author":"areopage","date":"02\/07\/2013","format":false,"excerpt":"N\u00e9 en 1980 \u00e0 Saint-\u00c9tienne. Je suis dipl\u00f4m\u00e9 de Lettres Classiques (Universit\u00e9 Jean Monnet, Saint-\u00c9tienne) et de Langues Bibliques (Institut Catholique de Toulouse). J'ai publi\u00e9 en 2007, Le nom divin dans le Nouveau Testament, en 2009 Il nome di Dio nel Nuovo Testamento (\u00e9dition revue et augment\u00e9e), en 2010 L'\u00e9galit\u00e9\u2026","rel":"","context":"Avec 130 commentaires","block_context":{"text":"Avec 130 commentaires","link":"https:\/\/areopage.net\/blog\/a-propos\/#comments"},"img":{"alt_text":"DidierFontaine","src":"https:\/\/i0.wp.com\/areopage.net\/blog\/wp-content\/uploads\/2013\/07\/DidierFontaine1.jpg?resize=350%2C200","width":350,"height":200},"classes":[]}],"_links":{"self":[{"href":"https:\/\/areopage.net\/blog\/wp-json\/wp\/v2\/pages\/1864","targetHints":{"allow":["GET"]}}],"collection":[{"href":"https:\/\/areopage.net\/blog\/wp-json\/wp\/v2\/pages"}],"about":[{"href":"https:\/\/areopage.net\/blog\/wp-json\/wp\/v2\/types\/page"}],"author":[{"embeddable":true,"href":"https:\/\/areopage.net\/blog\/wp-json\/wp\/v2\/users\/1"}],"replies":[{"embeddable":true,"href":"https:\/\/areopage.net\/blog\/wp-json\/wp\/v2\/comments?post=1864"}],"version-history":[{"count":12,"href":"https:\/\/areopage.net\/blog\/wp-json\/wp\/v2\/pages\/1864\/revisions"}],"predecessor-version":[{"id":8569,"href":"https:\/\/areopage.net\/blog\/wp-json\/wp\/v2\/pages\/1864\/revisions\/8569"}],"wp:attachment":[{"href":"https:\/\/areopage.net\/blog\/wp-json\/wp\/v2\/media?parent=1864"}],"curies":[{"name":"wp","href":"https:\/\/api.w.org\/{rel}","templated":true}]}}